{"id":55,"date":"2023-12-19T16:13:17","date_gmt":"2023-12-19T16:13:17","guid":{"rendered":"https:\/\/atemamusic.com\/?page_id=55"},"modified":"2024-02-28T18:44:52","modified_gmt":"2024-02-28T18:44:52","slug":"about","status":"publish","type":"page","link":"https:\/\/atemamusic.com\/index.php\/about\/","title":{"rendered":"Biograf\u00eda"},"content":{"rendered":"\t\t<div data-elementor-type=\"wp-page\" data-elementor-id=\"55\" class=\"elementor elementor-55\">\n\t\t\t\t<div class=\"elementor-element elementor-element-69aa78a2 e-flex e-con-boxed e-con e-parent\" data-id=\"69aa78a2\" data-element_type=\"container\" data-settings=\"{&quot;content_width&quot;:&quot;boxed&quot;}\" data-core-v316-plus=\"true\">\n\t\t\t\t\t<div class=\"e-con-inner\">\n\t\t\t\t<div class=\"elementor-element elementor-element-7bb71dad elementor-widget elementor-widget-text-editor\" data-id=\"7bb71dad\" data-element_type=\"widget\" data-widget_type=\"text-editor.default\">\n\t\t\t\t<div class=\"elementor-widget-container\">\n\t\t\t<style>\/*! elementor - v3.19.0 - 28-02-2024 *\/\n.elementor-widget-text-editor.elementor-drop-cap-view-stacked .elementor-drop-cap{background-color:#69727d;color:#fff}.elementor-widget-text-editor.elementor-drop-cap-view-framed .elementor-drop-cap{color:#69727d;border:3px solid;background-color:transparent}.elementor-widget-text-editor:not(.elementor-drop-cap-view-default) .elementor-drop-cap{margin-top:8px}.elementor-widget-text-editor:not(.elementor-drop-cap-view-default) .elementor-drop-cap-letter{width:1em;height:1em}.elementor-widget-text-editor .elementor-drop-cap{float:left;text-align:center;line-height:1;font-size:50px}.elementor-widget-text-editor .elementor-drop-cap-letter{display:inline-block}<\/style>\t\t\t\t<p><!-- wp:gallery {\"linkTo\":\"none\"} --><\/p>\n<p><!-- \/wp:gallery --><!-- wp:paragraph --><\/p>\n<p><img fetchpriority=\"high\" decoding=\"async\" class=\"aligncenter wp-image-10 size-full\" src=\"http:\/\/atemamusic.com\/wp-content\/uploads\/2023\/12\/Foto-perfil.jpg\" alt=\"\" width=\"1616\" height=\"1080\" srcset=\"https:\/\/atemamusic.com\/wp-content\/uploads\/2023\/12\/Foto-perfil.jpg 1616w, https:\/\/atemamusic.com\/wp-content\/uploads\/2023\/12\/Foto-perfil-300x200.jpg 300w, https:\/\/atemamusic.com\/wp-content\/uploads\/2023\/12\/Foto-perfil-1024x684.jpg 1024w, https:\/\/atemamusic.com\/wp-content\/uploads\/2023\/12\/Foto-perfil-768x513.jpg 768w, https:\/\/atemamusic.com\/wp-content\/uploads\/2023\/12\/Foto-perfil-1536x1027.jpg 1536w\" sizes=\"(max-width: 1616px) 100vw, 1616px\" \/><\/p>\t\t\t\t\t\t<\/div>\n\t\t\t\t<\/div>\n\t\t\t\t\t<\/div>\n\t\t\t\t<\/div>\n\t\t<div class=\"elementor-element elementor-element-31b57cc e-flex e-con-boxed e-con e-parent\" data-id=\"31b57cc\" data-element_type=\"container\" data-settings=\"{&quot;content_width&quot;:&quot;boxed&quot;}\" data-core-v316-plus=\"true\">\n\t\t\t\t\t<div class=\"e-con-inner\">\n\t\t\t\t<div class=\"elementor-element elementor-element-6bf03e7 elementor-widget elementor-widget-text-editor\" data-id=\"6bf03e7\" data-element_type=\"widget\" data-widget_type=\"text-editor.default\">\n\t\t\t\t<div class=\"elementor-widget-container\">\n\t\t\t\t\t\t\t<p>Desde temprana edad mi pasi\u00f3n por la m\u00fasica y el arte fue notorio. Mis primeras exploraciones con los sonidos nacen a la edad de 8 a\u00f1os con secuenciadores virtuales y composici\u00f3n de ritmos tropicales. Pasando a la etapa adulta mi despertar de conciencia me llev\u00f3 a reconocer que la vibraci\u00f3n es la fuente de toda creaci\u00f3n y que por ende la m\u00fasica juega un gran papel en los estados sensibles y suprasensibles de los que formamos parte.<\/p>\n<p class=\"has-text-align-left\">Inspir\u00e1ndome en viajes hacia el microcosmos que sustenta mi alma, Ate:ma es un proyecto musical que form\u00e9 con el prop\u00f3sito de darle a mis oyentes texturas, ritmos, y melod\u00edas intencionadas para re-conectar con los mundos energ\u00e9ticos internos y externos. Las creaciones de este proyecto se basan en fusiones de sonidos org\u00e1nicos con m\u00fasica Ambient y Progressive experimental. La identidad sonora de Ate:ma est\u00e1 inspirada en sintetizadores an\u00e1logos as\u00ed como en instrumentos sanadores y en la m\u00fasica de las esferas. Detr\u00e1s de cada obra existe una filosof\u00eda, una reflexi\u00f3n que alimenta y le da vida a mi arte.<\/p>\n<p>Ademas de la m\u00fasica, la energ\u00eda creativa que predomina mi ser me incit\u00f3 a explorar tambi\u00e9n las artes pl\u00e1sticas siendo estas tambi\u00e9n parte de mi vida.<\/p>\t\t\t\t\t\t<\/div>\n\t\t\t\t<\/div>\n\t\t\t\t\t<\/div>\n\t\t\t\t<\/div>\n\t\t\t\t<\/div>\n\t\t","protected":false},"excerpt":{"rendered":"<p>Desde temprana edad mi pasi\u00f3n por la m\u00fasica y el arte fue notorio. Mis primeras exploraciones con los sonidos nacen [&hellip;]<\/p>\n","protected":false},"author":1,"featured_media":0,"parent":0,"menu_order":0,"comment_status":"closed","ping_status":"closed","template":"","meta":{"site-sidebar-layout":"default","site-content-layout":"","ast-site-content-layout":"","site-content-style":"default","site-sidebar-style":"default","ast-global-header-display":"","ast-banner-title-visibility":"","ast-main-header-display":"","ast-hfb-above-header-display":"","ast-hfb-below-header-display":"","ast-hfb-mobile-header-display":"","site-post-title":"","ast-breadcrumbs-content":"","ast-featured-img":"","footer-sml-layout":"","theme-transparent-header-meta":"","adv-header-id-meta":"","stick-header-meta":"","header-above-stick-meta":"","header-main-stick-meta":"","header-below-stick-meta":"","astra-migrate-meta-layouts":"default","ast-page-background-enabled":"default","ast-page-background-meta":{"desktop":{"background-color":"var(--ast-global-color-4)","background-image":"","background-repeat":"repeat","background-position":"center center","background-size":"auto","background-attachment":"scroll","background-type":"","background-media":"","overlay-type":"","overlay-color":"","overlay-gradient":""},"tablet":{"background-color":"","background-image":"","background-repeat":"repeat","background-position":"center center","background-size":"auto","background-attachment":"scroll","background-type":"","background-media":"","overlay-type":"","overlay-color":"","overlay-gradient":""},"mobile":{"background-color":"","background-image":"","background-repeat":"repeat","background-position":"center center","background-size":"auto","background-attachment":"scroll","background-type":"","background-media":"","overlay-type":"","overlay-color":"","overlay-gradient":""}},"ast-content-background-meta":{"desktop":{"background-color":"var(--ast-global-color-5)","background-image":"","background-repeat":"repeat","background-position":"center center","background-size":"auto","background-attachment":"scroll","background-type":"","background-media":"","overlay-type":"","overlay-color":"","overlay-gradient":""},"tablet":{"background-color":"var(--ast-global-color-5)","background-image":"","background-repeat":"repeat","background-position":"center center","background-size":"auto","background-attachment":"scroll","background-type":"","background-media":"","overlay-type":"","overlay-color":"","overlay-gradient":""},"mobile":{"background-color":"var(--ast-global-color-5)","background-image":"","background-repeat":"repeat","background-position":"center center","background-size":"auto","background-attachment":"scroll","background-type":"","background-media":"","overlay-type":"","overlay-color":"","overlay-gradient":""}},"footnotes":""},"_links":{"self":[{"href":"https:\/\/atemamusic.com\/index.php\/wp-json\/wp\/v2\/pages\/55"}],"collection":[{"href":"https:\/\/atemamusic.com\/index.php\/wp-json\/wp\/v2\/pages"}],"about":[{"href":"https:\/\/atemamusic.com\/index.php\/wp-json\/wp\/v2\/types\/page"}],"author":[{"embeddable":true,"href":"https:\/\/atemamusic.com\/index.php\/wp-json\/wp\/v2\/users\/1"}],"replies":[{"embeddable":true,"href":"https:\/\/atemamusic.com\/index.php\/wp-json\/wp\/v2\/comments?post=55"}],"version-history":[{"count":23,"href":"https:\/\/atemamusic.com\/index.php\/wp-json\/wp\/v2\/pages\/55\/revisions"}],"predecessor-version":[{"id":150,"href":"https:\/\/atemamusic.com\/index.php\/wp-json\/wp\/v2\/pages\/55\/revisions\/150"}],"wp:attachment":[{"href":"https:\/\/atemamusic.com\/index.php\/wp-json\/wp\/v2\/media?parent=55"}],"curies":[{"name":"wp","href":"https:\/\/api.w.org\/{rel}","templated":true}]}}